{"id":943,"date":"2021-03-05T20:10:03","date_gmt":"2021-03-05T20:10:03","guid":{"rendered":"https:\/\/ekowa.net.br\/dpo\/home\/"},"modified":"2024-03-22T00:25:46","modified_gmt":"2024-03-22T00:25:46","slug":"home","status":"publish","type":"page","link":"https:\/\/ekowa.net.br\/dpo\/","title":{"rendered":"Home"},"content":{"rendered":"\t\t<div data-elementor-type=\"wp-page\" data-elementor-id=\"943\" class=\"elementor elementor-943\">\n\t\t\t\t<div class=\"elementor-element elementor-element-4823f59 e-flex e-con-boxed e-con e-parent\" data-id=\"4823f59\" data-element_type=\"container\" data-e-type=\"container\" data-settings=\"{&quot;background_background&quot;:&quot;classic&quot;}\">\n\t\t\t\t\t<div class=\"e-con-inner\">\n\t\t<div class=\"elementor-element elementor-element-58ea305 e-con-full e-flex e-con e-child\" data-id=\"58ea305\" data-element_type=\"container\" data-e-type=\"container\">\n\t\t\t\t<div class=\"elementor-element elementor-element-623ce6e elementor-widget elementor-widget-heading\" data-id=\"623ce6e\" data-element_type=\"widget\" data-e-type=\"widget\" data-widget_type=\"heading.default\">\n\t\t\t\t<div class=\"elementor-widget-container\">\n\t\t\t\t\t<h6 class=\"elementor-heading-title elementor-size-default\">SEGURAN\u00c7A DE DADOS<\/h6>\t\t\t\t<\/div>\n\t\t\t\t<\/div>\n\t\t\t\t<div class=\"elementor-element elementor-element-ffb7b78 elementor-widget elementor-widget-heading\" data-id=\"ffb7b78\" data-element_type=\"widget\" data-e-type=\"widget\" data-widget_type=\"heading.default\">\n\t\t\t\t<div class=\"elementor-widget-container\">\n\t\t\t\t\t<h1 class=\"elementor-heading-title elementor-size-default\">NOSSO TRABALHO \u00c9 GARANTIR A SEGURAN\u00c7A DOS SEUS DADOS.<\/h1>\t\t\t\t<\/div>\n\t\t\t\t<\/div>\n\t\t\t\t<div class=\"elementor-element elementor-element-06d56fe elementor-widget elementor-widget-button\" data-id=\"06d56fe\" data-element_type=\"widget\" data-e-type=\"widget\" data-widget_type=\"button.default\">\n\t\t\t\t<div class=\"elementor-widget-container\">\n\t\t\t\t\t\t\t\t\t<div class=\"elementor-button-wrapper\">\n\t\t\t\t\t<a class=\"elementor-button elementor-button-link elementor-size-sm\" href=\"https:\/\/ekowa.net.br\/dpo\/contato\/\">\n\t\t\t\t\t\t<span class=\"elementor-button-content-wrapper\">\n\t\t\t\t\t\t<span class=\"elementor-button-icon\">\n\t\t\t\t<svg aria-hidden=\"true\" class=\"e-font-icon-svg e-fas-arrow-right\" viewBox=\"0 0 448 512\" xmlns=\"http:\/\/www.w3.org\/2000\/svg\"><path d=\"M190.5 66.9l22.2-22.2c9.4-9.4 24.6-9.4 33.9 0L441 239c9.4 9.4 9.4 24.6 0 33.9L246.6 467.3c-9.4 9.4-24.6 9.4-33.9 0l-22.2-22.2c-9.5-9.5-9.3-25 .4-34.3L311.4 296H24c-13.3 0-24-10.7-24-24v-32c0-13.3 10.7-24 24-24h287.4L190.9 101.2c-9.8-9.3-10-24.8-.4-34.3z\"><\/path><\/svg>\t\t\t<\/span>\n\t\t\t\t\t\t\t\t\t<span class=\"elementor-button-text\">entrar em contato com o dpo<\/span>\n\t\t\t\t\t<\/span>\n\t\t\t\t\t<\/a>\n\t\t\t\t<\/div>\n\t\t\t\t\t\t\t\t<\/div>\n\t\t\t\t<\/div>\n\t\t\t\t<\/div>\n\t\t\t\t\t<\/div>\n\t\t\t\t<\/div>\n\t\t<div class=\"elementor-element elementor-element-9bcd0d0 e-flex e-con-boxed e-con e-parent\" data-id=\"9bcd0d0\" data-element_type=\"container\" data-e-type=\"container\" data-settings=\"{&quot;background_background&quot;:&quot;classic&quot;}\">\n\t\t\t\t\t<div class=\"e-con-inner\">\n\t\t<div class=\"elementor-element elementor-element-9efe69e e-con-full e-flex e-con e-child\" data-id=\"9efe69e\" data-element_type=\"container\" data-e-type=\"container\">\n\t\t\t\t<div class=\"elementor-element elementor-element-1a505c3 elementor-widget-divider--view-line elementor-widget elementor-widget-divider\" data-id=\"1a505c3\" data-element_type=\"widget\" data-e-type=\"widget\" data-widget_type=\"divider.default\">\n\t\t\t\t<div class=\"elementor-widget-container\">\n\t\t\t\t\t\t\t<div class=\"elementor-divider\">\n\t\t\t<span class=\"elementor-divider-separator\">\n\t\t\t\t\t\t<\/span>\n\t\t<\/div>\n\t\t\t\t\t\t<\/div>\n\t\t\t\t<\/div>\n\t\t\t\t<div class=\"elementor-element elementor-element-25b5dd4 elementor-widget elementor-widget-heading\" data-id=\"25b5dd4\" data-element_type=\"widget\" data-e-type=\"widget\" data-widget_type=\"heading.default\">\n\t\t\t\t<div class=\"elementor-widget-container\">\n\t\t\t\t\t<h2 class=\"elementor-heading-title elementor-size-default\">DPO CBAITYHY<\/h2>\t\t\t\t<\/div>\n\t\t\t\t<\/div>\n\t\t\t\t<div class=\"elementor-element elementor-element-149c945 elementor-widget elementor-widget-heading\" data-id=\"149c945\" data-element_type=\"widget\" data-e-type=\"widget\" data-widget_type=\"heading.default\">\n\t\t\t\t<div class=\"elementor-widget-container\">\n\t\t\t\t\t<h5 class=\"elementor-heading-title elementor-size-default\">Thony Robson de Oliveira Silva<\/h5>\t\t\t\t<\/div>\n\t\t\t\t<\/div>\n\t\t\t\t<div class=\"elementor-element elementor-element-143e024 elementor-widget elementor-widget-text-editor\" data-id=\"143e024\" data-element_type=\"widget\" data-e-type=\"widget\" data-widget_type=\"text-editor.default\">\n\t\t\t\t<div class=\"elementor-widget-container\">\n\t\t\t\t\t\t\t\t\t<p style=\"--primary: #965bfa; --secondary: #f11758; --tertiary: #38c44a; --quaternary: #0b0c10; --quinternary: #16161a; font-family: Poppins; font-size: medium; margin-bottom: 1.4rem; color: #000000; font-style: normal; font-weight: 400;\"><span style=\"--primary: #965bfa; --secondary: #f11758; --tertiary: #38c44a; --quaternary: #0b0c10; --quinternary: #16161a;\" data-contrast=\"none\">A LGPD tamb\u00e9m estabelece a obrigatoriedade de organiza\u00e7\u00f5es&nbsp;nomearem&nbsp;um Encarregado pelo Tratamento de Dados Pessoais, ou seja, um DPO.&nbsp;<\/span><\/p>\n<p style=\"--primary: #965bfa; --secondary: #f11758; --tertiary: #38c44a; --quaternary: #0b0c10; --quinternary: #16161a; font-family: Poppins; font-size: medium; margin-bottom: 1.4rem; color: #000000; font-style: normal; font-weight: 400;\"><span style=\"--primary: #965bfa; --secondary: #f11758; --tertiary: #38c44a; --quaternary: #0b0c10; --quinternary: #16161a;\" data-contrast=\"none\">A fun\u00e7\u00e3o deste profissional \u00e9 definida no artigo 5\u00ba, inciso VIII, da&nbsp;<span style=\"--primary: #965bfa; --secondary: #f11758; --tertiary: #38c44a; --quaternary: #0b0c10; --quinternary: #16161a; cursor: pointer;\">Lei 13.853\/<span style=\"--primary: #965bfa; --secondary: #f11758; --tertiary: #38c44a; --quaternary: #0b0c10; --quinternary: #16161a;\">2019<\/span><\/span>:&nbsp;<\/span><\/p>\n<blockquote style=\"--primary: #965bfa; --secondary: #f11758; --tertiary: #38c44a; --quaternary: #0b0c10; --quinternary: #16161a; border-left: 2px solid; margin: 0px 0px 1.4rem; padding-left: 0.7rem; color: #000000; font-family: Poppins; font-size: medium; font-style: normal; font-weight: 400;\">\n<p style=\"--primary: #965bfa; --secondary: #f11758; --tertiary: #38c44a; --quaternary: #0b0c10; --quinternary: #16161a; font-size: 1rem; margin-bottom: 1.4rem;\"><span style=\"--primary: #965bfa; --secondary: #f11758; --tertiary: #38c44a; --quaternary: #0b0c10; --quinternary: #16161a;\" data-contrast=\"none\">\u201cEncarregado: pessoa indicada pelo controlador e operador para atuar como canal de comunica\u00e7\u00e3o entre o controlador, os titulares dos dados e a Autoridade Nacional de Prote\u00e7\u00e3o de Dados (ANPD).\u201d<\/span><span style=\"--primary: #965bfa; --secondary: #f11758; --tertiary: #38c44a; --quaternary: #0b0c10; --quinternary: #16161a;\" data-ccp-props=\"{&quot;201341983&quot;:0,&quot;335551550&quot;:1,&quot;335551620&quot;:1,&quot;335559739&quot;:160,&quot;335559740&quot;:259}\">&nbsp;<\/span><\/p>\n<\/blockquote>\t\t\t\t\t\t\t\t<\/div>\n\t\t\t\t<\/div>\n\t\t\t\t<div class=\"elementor-element elementor-element-c6f3c63 elementor-widget elementor-widget-button\" data-id=\"c6f3c63\" data-element_type=\"widget\" data-e-type=\"widget\" data-widget_type=\"button.default\">\n\t\t\t\t<div class=\"elementor-widget-container\">\n\t\t\t\t\t\t\t\t\t<div class=\"elementor-button-wrapper\">\n\t\t\t\t\t<a class=\"elementor-button elementor-button-link elementor-size-sm\" href=\"https:\/\/ekowa.net.br\/dpo\/contato\/\">\n\t\t\t\t\t\t<span class=\"elementor-button-content-wrapper\">\n\t\t\t\t\t\t<span class=\"elementor-button-icon\">\n\t\t\t\t<svg aria-hidden=\"true\" class=\"e-font-icon-svg e-fas-arrow-right\" viewBox=\"0 0 448 512\" xmlns=\"http:\/\/www.w3.org\/2000\/svg\"><path d=\"M190.5 66.9l22.2-22.2c9.4-9.4 24.6-9.4 33.9 0L441 239c9.4 9.4 9.4 24.6 0 33.9L246.6 467.3c-9.4 9.4-24.6 9.4-33.9 0l-22.2-22.2c-9.5-9.5-9.3-25 .4-34.3L311.4 296H24c-13.3 0-24-10.7-24-24v-32c0-13.3 10.7-24 24-24h287.4L190.9 101.2c-9.8-9.3-10-24.8-.4-34.3z\"><\/path><\/svg>\t\t\t<\/span>\n\t\t\t\t\t\t\t\t\t<span class=\"elementor-button-text\">Fale com o DPO <\/span>\n\t\t\t\t\t<\/span>\n\t\t\t\t\t<\/a>\n\t\t\t\t<\/div>\n\t\t\t\t\t\t\t\t<\/div>\n\t\t\t\t<\/div>\n\t\t\t\t<\/div>\n\t\t<div class=\"elementor-element elementor-element-59f1cbc e-con-full e-flex e-con e-child\" data-id=\"59f1cbc\" data-element_type=\"container\" data-e-type=\"container\">\n\t\t\t\t<div class=\"elementor-element elementor-element-4267aec elementor-widget elementor-widget-image\" data-id=\"4267aec\" data-element_type=\"widget\" data-e-type=\"widget\" data-widget_type=\"image.default\">\n\t\t\t\t<div class=\"elementor-widget-container\">\n\t\t\t\t\t\t\t\t\t\t\t\t\t\t\t<img fetchpriority=\"high\" decoding=\"async\" width=\"1280\" height=\"1245\" src=\"https:\/\/ekowa.net.br\/dpo\/wp-content\/uploads\/2024\/03\/Foto-thony-camiseta-vermelha.jpeg\" class=\"attachment-full size-full wp-image-923\" alt=\"\" srcset=\"https:\/\/ekowa.net.br\/dpo\/wp-content\/uploads\/2024\/03\/Foto-thony-camiseta-vermelha.jpeg 1280w, https:\/\/ekowa.net.br\/dpo\/wp-content\/uploads\/2024\/03\/Foto-thony-camiseta-vermelha-300x292.jpeg 300w, https:\/\/ekowa.net.br\/dpo\/wp-content\/uploads\/2024\/03\/Foto-thony-camiseta-vermelha-1024x996.jpeg 1024w, https:\/\/ekowa.net.br\/dpo\/wp-content\/uploads\/2024\/03\/Foto-thony-camiseta-vermelha-768x747.jpeg 768w\" sizes=\"(max-width: 1280px) 100vw, 1280px\" \/>\t\t\t\t\t\t\t\t\t\t\t\t\t\t\t<\/div>\n\t\t\t\t<\/div>\n\t\t\t\t<\/div>\n\t\t\t\t\t<\/div>\n\t\t\t\t<\/div>\n\t\t\t\t<\/div>\n\t\t","protected":false},"excerpt":{"rendered":"<p>SEGURAN\u00c7A DE DADOS NOSSO TRABALHO \u00c9 GARANTIR A SEGURAN\u00c7A DOS SEUS DADOS. entrar em contato com o dpo DPO CBAITYHY Thony Robson de Oliveira Silva A LGPD tamb\u00e9m estabelece a obrigatoriedade de organiza\u00e7\u00f5es&nbsp;nomearem&nbsp;um Encarregado pelo Tratamento de Dados Pessoais, ou seja, um DPO.&nbsp; A fun\u00e7\u00e3o deste profissional \u00e9 definida no artigo 5\u00ba, inciso VIII, da&nbsp;Lei [&hellip;]<\/p>\n","protected":false},"author":1,"featured_media":0,"parent":0,"menu_order":0,"comment_status":"closed","ping_status":"closed","template":"","meta":{"_uag_custom_page_level_css":"","site-sidebar-layout":"no-sidebar","site-content-layout":"page-builder","ast-site-content-layout":"default","site-content-style":"default","site-sidebar-style":"default","ast-global-header-display":"","ast-banner-title-visibility":"","ast-main-header-display":"","ast-hfb-above-header-display":"","ast-hfb-below-header-display":"","ast-hfb-mobile-header-display":"","site-post-title":"disabled","ast-breadcrumbs-content":"disabled","ast-featured-img":"disabled","footer-sml-layout":"","ast-disable-related-posts":"","theme-transparent-header-meta":"enabled","adv-header-id-meta":"","stick-header-meta":"","header-above-stick-meta":"","header-main-stick-meta":"","header-below-stick-meta":"","astra-migrate-meta-layouts":"default","ast-page-background-enabled":"default","ast-page-background-meta":{"desktop":{"background-color":"","background-image":"","background-repeat":"repeat","background-position":"center center","background-size":"auto","background-attachment":"scroll","background-type":"","background-media":"","overlay-type":"","overlay-color":"","overlay-opacity":"","overlay-gradient":""},"tablet":{"background-color":"","background-image":"","background-repeat":"repeat","background-position":"center center","background-size":"auto","background-attachment":"scroll","background-type":"","background-media":"","overlay-type":"","overlay-color":"","overlay-opacity":"","overlay-gradient":""},"mobile":{"background-color":"","background-image":"","background-repeat":"repeat","background-position":"center center","background-size":"auto","background-attachment":"scroll","background-type":"","background-media":"","overlay-type":"","overlay-color":"","overlay-opacity":"","overlay-gradient":""}},"ast-content-background-meta":{"desktop":{"background-color":"var(--ast-global-color-5)","background-image":"","background-repeat":"repeat","background-position":"center center","background-size":"auto","background-attachment":"scroll","background-type":"","background-media":"","overlay-type":"","overlay-color":"","overlay-opacity":"","overlay-gradient":""},"tablet":{"background-color":"var(--ast-global-color-5)","background-image":"","background-repeat":"repeat","background-position":"center center","background-size":"auto","background-attachment":"scroll","background-type":"","background-media":"","overlay-type":"","overlay-color":"","overlay-opacity":"","overlay-gradient":""},"mobile":{"background-color":"var(--ast-global-color-5)","background-image":"","background-repeat":"repeat","background-position":"center center","background-size":"auto","background-attachment":"scroll","background-type":"","background-media":"","overlay-type":"","overlay-color":"","overlay-opacity":"","overlay-gradient":""}},"footnotes":""},"class_list":["post-943","page","type-page","status-publish","hentry"],"uagb_featured_image_src":{"full":false,"thumbnail":false,"medium":false,"medium_large":false,"large":false,"1536x1536":false,"2048x2048":false},"uagb_author_info":{"display_name":"Thony","author_link":"https:\/\/ekowa.net.br\/dpo\/author\/thony\/"},"uagb_comment_info":0,"uagb_excerpt":"SEGURAN\u00c7A DE DADOS NOSSO TRABALHO \u00c9 GARANTIR A SEGURAN\u00c7A DOS SEUS DADOS. entrar em contato com o dpo DPO CBAITYHY Thony Robson de Oliveira Silva A LGPD tamb\u00e9m estabelece a obrigatoriedade de organiza\u00e7\u00f5es&nbsp;nomearem&nbsp;um Encarregado pelo Tratamento de Dados Pessoais, ou seja, um DPO.&nbsp; A fun\u00e7\u00e3o deste profissional \u00e9 definida no artigo 5\u00ba, inciso VIII, da&nbsp;Lei&hellip;","_links":{"self":[{"href":"https:\/\/ekowa.net.br\/dpo\/wp-json\/wp\/v2\/pages\/943","targetHints":{"allow":["GET"]}}],"collection":[{"href":"https:\/\/ekowa.net.br\/dpo\/wp-json\/wp\/v2\/pages"}],"about":[{"href":"https:\/\/ekowa.net.br\/dpo\/wp-json\/wp\/v2\/types\/page"}],"author":[{"embeddable":true,"href":"https:\/\/ekowa.net.br\/dpo\/wp-json\/wp\/v2\/users\/1"}],"replies":[{"embeddable":true,"href":"https:\/\/ekowa.net.br\/dpo\/wp-json\/wp\/v2\/comments?post=943"}],"version-history":[{"count":15,"href":"https:\/\/ekowa.net.br\/dpo\/wp-json\/wp\/v2\/pages\/943\/revisions"}],"predecessor-version":[{"id":1566,"href":"https:\/\/ekowa.net.br\/dpo\/wp-json\/wp\/v2\/pages\/943\/revisions\/1566"}],"wp:attachment":[{"href":"https:\/\/ekowa.net.br\/dpo\/wp-json\/wp\/v2\/media?parent=943"}],"curies":[{"name":"wp","href":"https:\/\/api.w.org\/{rel}","templated":true}]}}